{"id":1694,"date":"2022-08-31T20:48:23","date_gmt":"2022-08-31T20:48:23","guid":{"rendered":"http:\/\/rewim.lublin.pl\/?page_id=1694"},"modified":"2022-09-06T21:33:16","modified_gmt":"2022-09-06T21:33:16","slug":"home-page","status":"publish","type":"page","link":"http:\/\/rewim.lublin.pl\/","title":{"rendered":"Home Page"},"content":{"rendered":"<div id=\"pl-1694\"  class=\"panel-layout\" ><div id=\"pg-1694-0\"  class=\"panel-grid panel-has-style\" ><div class=\"siteorigin-panels-stretch panel-row-style panel-row-style-for-1694-0\" data-stretch-type=\"full-stretched\" ><div id=\"pgc-1694-0-0\"  class=\"panel-grid-cell\" ><div id=\"panel-1694-0-0-0\" class=\"so-panel widget widget_sow-hero panel-first-child panel-last-child\" data-index=\"0\" ><div\n\t\t\t\n\t\t\tclass=\"so-widget-sow-hero so-widget-sow-hero-default-2e44c2fc44d5-1694 so-widget-fittext-wrapper\"\n\t\t\t data-fit-text-compressor=\"0.85\"\n\t\t>\t\t\t\t<div class=\"sow-slider-base\" style=\"display: none\" tabindex=\"0\">\n\t\t\t\t\t<ul\n\t\t\t\t\tclass=\"sow-slider-images\"\n\t\t\t\t\tdata-settings=\"{&quot;pagination&quot;:true,&quot;speed&quot;:800,&quot;timeout&quot;:4000,&quot;paused&quot;:false,&quot;pause_on_hover&quot;:false,&quot;swipe&quot;:true,&quot;nav_always_show_desktop&quot;:&quot;&quot;,&quot;nav_always_show_mobile&quot;:&quot;&quot;,&quot;breakpoint&quot;:&quot;780px&quot;,&quot;unmute&quot;:false,&quot;anchor&quot;:null}\"\n\t\t\t\t\tstyle=\"min-height: 500px\"\t\t\t\t\tdata-anchor-id=\"\"\n\t\t\t\t>\t\t<li class=\"sow-slider-image  sow-slider-image-cover\" style=\"visibility: visible;;background-color: #2cb1e2;background-image: url(http:\/\/rewim.lublin.pl\/wp-content\/uploads\/2022\/09\/pexels-anamul-rezwan-1145434-scaled.jpg)\" >\n\t\t\t\t\t<div class=\"sow-slider-image-container\">\n\t\t\t<div class=\"sow-slider-image-wrapper\">\n\t\t\t\t<h1>Ze stali zrobimy prawie wszystko!<\/h1>\n\t\t\t<\/div>\n\t\t<\/div>\n\t\t\t\t<\/li>\n\t\t\t\t<li class=\"sow-slider-image  sow-slider-image-cover\" style=\"visibility: hidden;;background-color: #333333;background-image: url(http:\/\/rewim.lublin.pl\/wp-content\/uploads\/2013\/11\/100_1610.jpg)\" >\n\t\t\t\t\t<div class=\"sow-slider-image-container\">\n\t\t\t<div class=\"sow-slider-image-wrapper\">\n\t\t\t\t<h1>Balustrady zewn\u0119trzne<\/h1>\n\t\t\t<\/div>\n\t\t<\/div>\n\t\t\t\t<\/li>\n\t\t\t\t<li class=\"sow-slider-image  sow-slider-image-cover\" style=\"visibility: hidden;;background-color: #333333;background-image: url(http:\/\/rewim.lublin.pl\/wp-content\/uploads\/2013\/11\/zabezpieczenia_okien_glowne-scaled.jpg)\" >\n\t\t\t\t\t<div class=\"sow-slider-image-container\">\n\t\t\t<div class=\"sow-slider-image-wrapper\">\n\t\t\t\t<h1>Zabezpieczenia okien<\/h1>\n\t\t\t<\/div>\n\t\t<\/div>\n\t\t\t\t<\/li>\n\t\t\t\t<li class=\"sow-slider-image  sow-slider-image-cover\" style=\"visibility: hidden;;background-color: #333333;background-image: url(http:\/\/rewim.lublin.pl\/wp-content\/uploads\/2013\/10\/schody_glowne-scaled.jpg)\" >\n\t\t\t\t\t<div class=\"sow-slider-image-container\">\n\t\t\t<div class=\"sow-slider-image-wrapper\">\n\t\t\t\t<h1>Schody<\/h1>\n\t\t\t<\/div>\n\t\t<\/div>\n\t\t\t\t<\/li>\n\t\t\t\t<li class=\"sow-slider-image  sow-slider-image-cover\" style=\"visibility: hidden;;background-color: #333333;background-image: url(http:\/\/rewim.lublin.pl\/wp-content\/uploads\/2022\/09\/100_1881-scaled.jpg)\" >\n\t\t\t\t\t<div class=\"sow-slider-image-container\">\n\t\t\t<div class=\"sow-slider-image-wrapper\">\n\t\t\t\t<h1>Podjazdy dla niepe\u0142nosprawnych<\/h1>\n\t\t\t<\/div>\n\t\t<\/div>\n\t\t\t\t<\/li>\n\t\t\t\t<li class=\"sow-slider-image  sow-slider-image-cover\" style=\"visibility: hidden;;background-color: #333333;background-image: url(http:\/\/rewim.lublin.pl\/wp-content\/uploads\/2022\/09\/galanteria_5x6.jpg)\" >\n\t\t\t\t\t<div class=\"sow-slider-image-container\">\n\t\t\t<div class=\"sow-slider-image-wrapper\">\n\t\t\t\t<h1>Elementy dekoracyjne<\/h1>\n\t\t\t<\/div>\n\t\t<\/div>\n\t\t\t\t<\/li>\n\t\t<\/ul>\t\t\t\t<ol class=\"sow-slider-pagination\">\n\t\t\t\t\t\t\t\t\t\t\t<li><a href=\"#\" data-goto=\"0\" aria-label=\"display slide 1\"><\/a><\/li>\n\t\t\t\t\t\t\t\t\t\t\t<li><a href=\"#\" data-goto=\"1\" aria-label=\"display slide 2\"><\/a><\/li>\n\t\t\t\t\t\t\t\t\t\t\t<li><a href=\"#\" data-goto=\"2\" aria-label=\"display slide 3\"><\/a><\/li>\n\t\t\t\t\t\t\t\t\t\t\t<li><a href=\"#\" data-goto=\"3\" aria-label=\"display slide 4\"><\/a><\/li>\n\t\t\t\t\t\t\t\t\t\t\t<li><a href=\"#\" data-goto=\"4\" aria-label=\"display slide 5\"><\/a><\/li>\n\t\t\t\t\t\t\t\t\t\t\t<li><a href=\"#\" data-goto=\"5\" aria-label=\"display slide 6\"><\/a><\/li>\n\t\t\t\t\t\t\t\t\t<\/ol>\n\n\t\t\t\t<div class=\"sow-slide-nav sow-slide-nav-next\">\n\t\t\t\t\t<a href=\"#\" data-goto=\"next\" aria-label=\"next slide\" data-action=\"next\">\n\t\t\t\t\t\t<em class=\"sow-sld-icon-thin-right\"><\/em>\n\t\t\t\t\t<\/a>\n\t\t\t\t<\/div>\n\n\t\t\t\t<div class=\"sow-slide-nav sow-slide-nav-prev\">\n\t\t\t\t\t<a href=\"#\" data-goto=\"previous\" aria-label=\"previous slide\" data-action=\"prev\">\n\t\t\t\t\t\t<em class=\"sow-sld-icon-thin-left\"><\/em>\n\t\t\t\t\t<\/a>\n\t\t\t\t<\/div>\n\t\t\t\t<\/div><\/div><\/div><\/div><\/div><\/div><div id=\"pg-1694-1\"  class=\"panel-grid panel-has-style\" ><div class=\"panel-row-style panel-row-style-for-1694-1\" ><div id=\"pgc-1694-1-0\"  class=\"panel-grid-cell\" ><div id=\"panel-1694-1-0-0\" class=\"so-panel widget widget_sow-headline panel-first-child\" data-index=\"1\" ><div\n\t\t\t\n\t\t\tclass=\"so-widget-sow-headline so-widget-sow-headline-default-221e1978dc4e-1694\"\n\t\t\t\n\t\t><div class=\"sow-headline-container \">\n\t<h2 class='sow-headline'>O FIRMIE<\/h2><h3 class='sow-sub-headline'>Zajmujemy  si\u0119 produkcj\u0105 niepowtarzalnych wyrob\u00f3w takich jak: balustrady wewn\u0119trzne i zewn\u0119trzne, schody, elementy dekoracyjne, wyroby ze stali nierdzewnej. Kilkunastoletnie do\u015bwiadczenie zdobyte w tej trudnej sztuce sprawi\u0142o, i\u017c jeste\u015bmy w stanie sprosta\u0107 ka\u017cdemu nietypowemu zam\u00f3wieniu. Wszystkie realizacjie wykonujemy kompleksowo od projektowania przez pomiar u Klienta, po transport i monta\u017c.<\/h3><\/div>\n<\/div><\/div><div id=\"panel-1694-1-0-1\" class=\"so-panel widget widget_sow-button panel-last-child\" data-index=\"2\" ><div\n\t\t\t\n\t\t\tclass=\"so-widget-sow-button so-widget-sow-button-wire-4c91f57cfd99-1694\"\n\t\t\t\n\t\t><div class=\"ow-button-base ow-button-align-left\">\n\t<a\n\thref=\"http:\/\/rewim.lublin.pl\/?page_id=48\"\n\t\tclass=\"ow-icon-placement-left ow-button-hover\" \t>\n\t\t<span>\n\t\t\t\n\t\t\tGalerie\t\t<\/span>\n\t<\/a>\n<\/div>\n<\/div><\/div><\/div><div id=\"pgc-1694-1-1\"  class=\"panel-grid-cell\" ><div id=\"panel-1694-1-1-0\" class=\"so-panel widget widget_sow-slider panel-first-child panel-last-child\" data-index=\"3\" ><div\n\t\t\t\n\t\t\tclass=\"so-widget-sow-slider so-widget-sow-slider-default-6d39609536fd-1694\"\n\t\t\t\n\t\t>\t\t\t\t<div class=\"sow-slider-base\" style=\"display: none\" tabindex=\"0\">\n\t\t\t\t\t<ul\n\t\t\t\t\tclass=\"sow-slider-images\"\n\t\t\t\t\tdata-settings=\"{&quot;pagination&quot;:true,&quot;speed&quot;:800,&quot;timeout&quot;:3000,&quot;paused&quot;:false,&quot;pause_on_hover&quot;:false,&quot;swipe&quot;:true,&quot;nav_always_show_desktop&quot;:true,&quot;nav_always_show_mobile&quot;:&quot;&quot;,&quot;breakpoint&quot;:&quot;780px&quot;,&quot;unmute&quot;:false,&quot;anchor&quot;:null}\"\n\t\t\t\t\t\t\t\t\t\tdata-anchor-id=\"\"\n\t\t\t\t>\t\t<li class=\"sow-slider-image  sow-slider-image-cover\" style=\"visibility: visible;;background-image: url(http:\/\/rewim.lublin.pl\/wp-content\/uploads\/2022\/09\/zabezpieczenia_okien_5x6.jpg)\" >\n\t\t\t\t\t\t<img width=\"1980\" height=\"2376\" src=\"http:\/\/rewim.lublin.pl\/wp-content\/uploads\/2022\/09\/zabezpieczenia_okien_5x6.jpg\" class=\"sow-slider-background-image skip-lazy\" alt=\"\" decoding=\"async\" style=\"\" loading=\"eager\" fetchpriority=\"high\" srcset=\"http:\/\/rewim.lublin.pl\/wp-content\/uploads\/2022\/09\/zabezpieczenia_okien_5x6.jpg 1980w, http:\/\/rewim.lublin.pl\/wp-content\/uploads\/2022\/09\/zabezpieczenia_okien_5x6-250x300.jpg 250w, http:\/\/rewim.lublin.pl\/wp-content\/uploads\/2022\/09\/zabezpieczenia_okien_5x6-853x1024.jpg 853w, http:\/\/rewim.lublin.pl\/wp-content\/uploads\/2022\/09\/zabezpieczenia_okien_5x6-768x922.jpg 768w, http:\/\/rewim.lublin.pl\/wp-content\/uploads\/2022\/09\/zabezpieczenia_okien_5x6-1280x1536.jpg 1280w, http:\/\/rewim.lublin.pl\/wp-content\/uploads\/2022\/09\/zabezpieczenia_okien_5x6-1707x2048.jpg 1707w\" sizes=\"(max-width: 1980px) 100vw, 1980px\" \/>\t\t<\/li>\n\t\t\t\t<li class=\"sow-slider-image  sow-slider-image-cover\" style=\"visibility: hidden;;background-image: url(http:\/\/rewim.lublin.pl\/wp-content\/uploads\/2022\/09\/balu_zewn_5x6.jpg)\" >\n\t\t\t\t\t\t<img width=\"1808\" height=\"2170\" src=\"http:\/\/rewim.lublin.pl\/wp-content\/uploads\/2022\/09\/balu_zewn_5x6.jpg\" class=\"sow-slider-background-image skip-lazy\" alt=\"\" decoding=\"async\" style=\"\" loading=\"eager\" srcset=\"http:\/\/rewim.lublin.pl\/wp-content\/uploads\/2022\/09\/balu_zewn_5x6.jpg 1808w, http:\/\/rewim.lublin.pl\/wp-content\/uploads\/2022\/09\/balu_zewn_5x6-250x300.jpg 250w, http:\/\/rewim.lublin.pl\/wp-content\/uploads\/2022\/09\/balu_zewn_5x6-853x1024.jpg 853w, http:\/\/rewim.lublin.pl\/wp-content\/uploads\/2022\/09\/balu_zewn_5x6-768x922.jpg 768w, http:\/\/rewim.lublin.pl\/wp-content\/uploads\/2022\/09\/balu_zewn_5x6-1280x1536.jpg 1280w, http:\/\/rewim.lublin.pl\/wp-content\/uploads\/2022\/09\/balu_zewn_5x6-1706x2048.jpg 1706w\" sizes=\"(max-width: 1808px) 100vw, 1808px\" \/>\t\t<\/li>\n\t\t\t\t<li class=\"sow-slider-image  sow-slider-image-cover\" style=\"visibility: hidden;;background-image: url(http:\/\/rewim.lublin.pl\/wp-content\/uploads\/2022\/09\/galanteria_5x6.jpg)\" >\n\t\t\t\t\t\t<img width=\"2084\" height=\"2501\" src=\"http:\/\/rewim.lublin.pl\/wp-content\/uploads\/2022\/09\/galanteria_5x6.jpg\" class=\"sow-slider-background-image skip-lazy\" alt=\"\" decoding=\"async\" style=\"\" loading=\"eager\" srcset=\"http:\/\/rewim.lublin.pl\/wp-content\/uploads\/2022\/09\/galanteria_5x6.jpg 2084w, http:\/\/rewim.lublin.pl\/wp-content\/uploads\/2022\/09\/galanteria_5x6-250x300.jpg 250w, http:\/\/rewim.lublin.pl\/wp-content\/uploads\/2022\/09\/galanteria_5x6-853x1024.jpg 853w, http:\/\/rewim.lublin.pl\/wp-content\/uploads\/2022\/09\/galanteria_5x6-768x922.jpg 768w, http:\/\/rewim.lublin.pl\/wp-content\/uploads\/2022\/09\/galanteria_5x6-1280x1536.jpg 1280w, http:\/\/rewim.lublin.pl\/wp-content\/uploads\/2022\/09\/galanteria_5x6-1707x2048.jpg 1707w\" sizes=\"(max-width: 2084px) 100vw, 2084px\" \/>\t\t<\/li>\n\t\t<\/ul>\t\t\t\t<ol class=\"sow-slider-pagination\">\n\t\t\t\t\t\t\t\t\t\t\t<li><a href=\"#\" data-goto=\"0\" aria-label=\"display slide 1\"><\/a><\/li>\n\t\t\t\t\t\t\t\t\t\t\t<li><a href=\"#\" data-goto=\"1\" aria-label=\"display slide 2\"><\/a><\/li>\n\t\t\t\t\t\t\t\t\t\t\t<li><a href=\"#\" data-goto=\"2\" aria-label=\"display slide 3\"><\/a><\/li>\n\t\t\t\t\t\t\t\t\t<\/ol>\n\n\t\t\t\t<div class=\"sow-slide-nav sow-slide-nav-next\">\n\t\t\t\t\t<a href=\"#\" data-goto=\"next\" aria-label=\"next slide\" data-action=\"next\">\n\t\t\t\t\t\t<em class=\"sow-sld-icon-thin-right\"><\/em>\n\t\t\t\t\t<\/a>\n\t\t\t\t<\/div>\n\n\t\t\t\t<div class=\"sow-slide-nav sow-slide-nav-prev\">\n\t\t\t\t\t<a href=\"#\" data-goto=\"previous\" aria-label=\"previous slide\" data-action=\"prev\">\n\t\t\t\t\t\t<em class=\"sow-sld-icon-thin-left\"><\/em>\n\t\t\t\t\t<\/a>\n\t\t\t\t<\/div>\n\t\t\t\t<\/div><\/div><\/div><\/div><\/div><\/div><div id=\"pg-1694-2\"  class=\"panel-grid panel-has-style\" ><div class=\"siteorigin-panels-stretch panel-row-style panel-row-style-for-1694-2\" data-stretch-type=\"full\" ><div id=\"pgc-1694-2-0\"  class=\"panel-grid-cell panel-grid-cell-empty\" ><\/div><div id=\"pgc-1694-2-1\"  class=\"panel-grid-cell\" ><div id=\"panel-1694-2-1-0\" class=\"so-panel widget widget_sow-headline panel-first-child\" data-index=\"4\" ><div\n\t\t\t\n\t\t\tclass=\"so-widget-sow-headline so-widget-sow-headline-default-fcedf0ee229d-1694\"\n\t\t\t\n\t\t><div class=\"sow-headline-container \">\n\t<h2 class='sow-headline'>NASZA SPECJALNO\u015a\u0106<\/h2><h3 class='sow-sub-headline'>Specjalizujemy si\u0119 w balustradach ze stali nierdzewnej i mosi\u0105dzu w po\u0142\u0105czeniu z elementami drewnianymi. Jest to po\u0142\u0105czenie bardzo ch\u0119tnie wybierane, ze wzgl\u0119du na swoje walory estetyczne i praktyczne. Sprawdzi si\u0119 zar\u00f3wno we wn\u0119trzach nowoczesnych jak i tych bardziej klasycznych. R\u00f3\u017cnorodno\u015b\u0107  gatunk\u00f3w drewna z jakiego mo\u017cna wykona\u0107 elementy barierki sprawia, \u017ce mamy wiele opcji do wyboru. Najcz\u0119\u015bciej u\u017cywanymi gatunkami drewna s\u0105: d\u0105b i jesion, ale cz\u0119sto klienci decyduj\u0105 si\u0119 na drewno egzotyczne takie jak: wenge, mopane, merbau.<\/h3><\/div>\n<\/div><\/div><div id=\"panel-1694-2-1-1\" class=\"so-panel widget widget_sow-button panel-last-child\" data-index=\"5\" ><div\n\t\t\t\n\t\t\tclass=\"so-widget-sow-button so-widget-sow-button-wire-157500f69e78-1694\"\n\t\t\t\n\t\t><div class=\"ow-button-base ow-button-align-right\">\n\t<a\n\thref=\"http:\/\/rewim.lublin.pl\/?otw-portfolio=balustrady\"\n\t\tclass=\"ow-icon-placement-left ow-button-hover\" \t>\n\t\t<span>\n\t\t\t\n\t\t\tZobacz wi\u0119cej!\t\t<\/span>\n\t<\/a>\n<\/div>\n<\/div><\/div><\/div><\/div><\/div><div id=\"pg-1694-3\"  class=\"panel-grid panel-has-style\" ><div class=\"panel-row-style panel-row-style-for-1694-3\" ><div id=\"pgc-1694-3-0\"  class=\"panel-grid-cell\" ><div id=\"panel-1694-3-0-0\" class=\"so-panel widget widget_sow-headline panel-first-child\" data-index=\"6\" ><div\n\t\t\t\n\t\t\tclass=\"so-widget-sow-headline so-widget-sow-headline-default-ad5768c26e4d-1694\"\n\t\t\t\n\t\t><div class=\"sow-headline-container \">\n\t<h2 class='sow-headline'>PROFIL FIRMY<\/h2><h3 class='sow-sub-headline'>Firma ma profil przedsi\u0119biorstwa \u015bwiadcz\u0105cego kompleksowe us\u0142ugi z zakresu produkcji i monta\u017cu metalowych element\u00f3w dla budownictwa mieszkaniowego, bran\u017cy meblowej. Wykonali\u015bmy ju\u017c wiele zlece\u0144 dla Klient\u00f3w indywidualnych. Zach\u0119camy do wsp\u00f3\u0142pracy z nasz\u0105 firm\u0105!<\/h3><\/div>\n<\/div><\/div><div id=\"panel-1694-3-0-1\" class=\"so-panel widget widget_sow-button panel-last-child\" data-index=\"7\" ><div\n\t\t\t\n\t\t\tclass=\"so-widget-sow-button so-widget-sow-button-wire-dad7ac6561de-1694\"\n\t\t\t\n\t\t><div class=\"ow-button-base ow-button-align-left\">\n\t<a\n\thref=\"http:\/\/rewim.lublin.pl\/?page_id=1704\"\n\t\tclass=\"ow-icon-placement-left ow-button-hover\" \t>\n\t\t<span>\n\t\t\t\n\t\t\tKontakt\t\t<\/span>\n\t<\/a>\n<\/div>\n<\/div><\/div><\/div><div id=\"pgc-1694-3-1\"  class=\"panel-grid-cell\" ><div id=\"panel-1694-3-1-0\" class=\"so-panel widget widget_sow-image-grid panel-first-child panel-last-child\" data-index=\"8\" ><div\n\t\t\t\n\t\t\tclass=\"so-widget-sow-image-grid so-widget-sow-image-grid-default-8bf08a9600e8-1694\"\n\t\t\t\n\t\t>\t<div\n\t\tclass=\"sow-image-grid-wrapper\"\n\t\t\t\t\t>\n\t\t\t\t\t<div class=\"sow-image-grid-image\">\n\t\t\t\t\t\t\t\t\t\t\t\t<img width=\"1960\" height=\"2213\" src=\"http:\/\/rewim.lublin.pl\/wp-content\/uploads\/2022\/09\/pexels-pixabay-73833.jpg\" class=\"sow-image-grid-image_html\" alt=\"\" decoding=\"async\" title=\"\" loading=\"lazy\" srcset=\"http:\/\/rewim.lublin.pl\/wp-content\/uploads\/2022\/09\/pexels-pixabay-73833.jpg 1960w, http:\/\/rewim.lublin.pl\/wp-content\/uploads\/2022\/09\/pexels-pixabay-73833-266x300.jpg 266w, http:\/\/rewim.lublin.pl\/wp-content\/uploads\/2022\/09\/pexels-pixabay-73833-907x1024.jpg 907w, http:\/\/rewim.lublin.pl\/wp-content\/uploads\/2022\/09\/pexels-pixabay-73833-768x867.jpg 768w, http:\/\/rewim.lublin.pl\/wp-content\/uploads\/2022\/09\/pexels-pixabay-73833-1360x1536.jpg 1360w, http:\/\/rewim.lublin.pl\/wp-content\/uploads\/2022\/09\/pexels-pixabay-73833-1814x2048.jpg 1814w\" sizes=\"(max-width: 1960px) 100vw, 1960px\" \/>\t\t\t\t\t\t\t\t\t\t\t<\/div>\n\t\t\t<\/div>\n<\/div><\/div><\/div><\/div><\/div><\/div>","protected":false},"excerpt":{"rendered":"<p>Ze stali zrobimy prawie wszystko! Balustrady zewn\u0119trzne Zabezpieczenia okien Schody Podjazdy dla niepe\u0142nosprawnych Elementy dekoracyjne O FIRMIEZajmujemy si\u0119 produkcj\u0105 niepowtarzalnych wyrob\u00f3w takich jak: balustrady wewn\u0119trzne i zewn\u0119trzne, schody, elementy dekoracyjne, wyroby ze stali nierdzewnej. Kilkunastoletnie do\u015bwiadczenie zdobyte w tej trudnej sztuce sprawi\u0142o, i\u017c jeste\u015bmy w stanie sprosta\u0107 ka\u017cdemu nietypowemu zam\u00f3wieniu. Wszystkie realizacjie wykonujemy kompleksowo od&hellip;<\/p>\n","protected":false},"author":1,"featured_media":0,"parent":0,"menu_order":0,"comment_status":"closed","ping_status":"closed","template":"home-panels.php","meta":{"ngg_post_thumbnail":0,"footnotes":""},"_links":{"self":[{"href":"http:\/\/rewim.lublin.pl\/index.php?rest_route=\/wp\/v2\/pages\/1694"}],"collection":[{"href":"http:\/\/rewim.lublin.pl\/index.php?rest_route=\/wp\/v2\/pages"}],"about":[{"href":"http:\/\/rewim.lublin.pl\/index.php?rest_route=\/wp\/v2\/types\/page"}],"author":[{"embeddable":true,"href":"http:\/\/rewim.lublin.pl\/index.php?rest_route=\/wp\/v2\/users\/1"}],"replies":[{"embeddable":true,"href":"http:\/\/rewim.lublin.pl\/index.php?rest_route=%2Fwp%2Fv2%2Fcomments&post=1694"}],"version-history":[{"count":1,"href":"http:\/\/rewim.lublin.pl\/index.php?rest_route=\/wp\/v2\/pages\/1694\/revisions"}],"predecessor-version":[{"id":1695,"href":"http:\/\/rewim.lublin.pl\/index.php?rest_route=\/wp\/v2\/pages\/1694\/revisions\/1695"}],"wp:attachment":[{"href":"http:\/\/rewim.lublin.pl\/index.php?rest_route=%2Fwp%2Fv2%2Fmedia&parent=1694"}],"curies":[{"name":"wp","href":"https:\/\/api.w.org\/{rel}","templated":true}]}}